{"id":522,"date":"2023-10-05T01:04:49","date_gmt":"2023-10-05T01:04:49","guid":{"rendered":"https:\/\/francomattiello.com\/?page_id=522"},"modified":"2023-10-06T03:02:04","modified_gmt":"2023-10-06T03:02:04","slug":"blog","status":"publish","type":"page","link":"https:\/\/francomattiello.com\/index.php\/blog\/","title":{"rendered":"Blog"},"content":{"rendered":"<div class='pt-cv-wrapper'> <div class=\"pt-cv-view pt-cv-overlaygrid iscvblock paging-noscroll overlay5 layout1\" id=\"pt-cv-view-sngwq2au\"><div data-id=\"pt-cv-page-1\" class=\"pt-cv-page\" data-cvc=\"4\"><div class=\" pt-cv-content-item pt-cv-1-col cv-main-post\" ><div class=\"pt-cv-thumb-wrapper  \"><a href=\"https:\/\/francomattiello.com\/index.php\/2023\/10\/05\/la-revolucion-esencialista-escapando-de-la-burbuja-del-mas-y-enfocandonos-en-lo-importante-2\/\" class=\"_self pt-cv-href-thumbnail pt-cv-thumb-default\" target=\"_self\" ><img loading=\"lazy\" width=\"800\" height=\"449\" src=\"https:\/\/francomattiello.com\/wp-content\/uploads\/2023\/10\/blogpost1-1-edited.jpg\" class=\"pt-cv-thumbnail\" alt=\"\" decoding=\"async\" \/><\/a><\/div>\n<div class=\"pt-cv-overlay-wrapper\"><div class=\"pt-cv-taxoterm above_title\"><a href='https:\/\/francomattiello.com\/index.php\/category\/blog\/' title='Blog' class='pt-cv-tax-blog'>Blog<\/a><\/div><h4 class=\"pt-cv-title\"><a href=\"https:\/\/francomattiello.com\/index.php\/2023\/10\/05\/la-revolucion-esencialista-escapando-de-la-burbuja-del-mas-y-enfocandonos-en-lo-importante-2\/\" class=\"_self\" target=\"_self\" >La Revoluci\u00f3n Esencialista: Escapando de la &#8216;Burbuja del M\u00e1s&#8217; y Enfoc\u00e1ndonos en lo Importante<\/a><\/h4><div class=\"pt-cv-meta-fields\"><span class=\"entry-date\"> <time datetime=\"2023-10-05T06:21:34+00:00\">October 5, 2023<\/time><\/span><span> \/ <\/span><span class=\"author\"> <a href=\"https:\/\/francomattiello.com\/index.php\/author\/franco\/\" rel=\"author\">Franco Mattiello<\/a><\/span><\/div><\/div><\/div>\n<div class=\" pt-cv-content-item pt-cv-1-col\" ><div class=\"pt-cv-thumb-wrapper  miniwrap\"><a href=\"https:\/\/francomattiello.com\/index.php\/2023\/10\/05\/el-arte-y-su-impacto-en-la-vida-moderna\/\" class=\"_self pt-cv-href-thumbnail pt-cv-thumb-default\" target=\"_self\" ><img loading=\"lazy\" width=\"768\" height=\"384\" src=\"https:\/\/francomattiello.com\/wp-content\/uploads\/2023\/10\/Banner-web-horizontal-Con-marca-Decoracion-de-interiores-delicado-colores-calidos-2-768x384.png\" class=\"pt-cv-thumbnail pt-cv-thumbnailsm\" alt=\"\" decoding=\"async\" \/><\/a><\/div>\n<div class=\"pt-cv-overlay-wrapper\"><div class=\"pt-cv-taxoterm above_title\"><a href='https:\/\/francomattiello.com\/index.php\/category\/blog\/' title='Blog' class='pt-cv-tax-blog'>Blog<\/a><\/div><h4 class=\"pt-cv-title pt-cv-titlesm\"><a href=\"https:\/\/francomattiello.com\/index.php\/2023\/10\/05\/el-arte-y-su-impacto-en-la-vida-moderna\/\" class=\"_self\" target=\"_self\" >El Arte y su Impacto en la Vida Moderna<\/a><\/h4><div class=\"pt-cv-meta-fields\"><span class=\"entry-date\"> <time datetime=\"2023-10-05T02:34:01+00:00\">October 5, 2023<\/time><\/span><span> \/ <\/span><span class=\"author\"> <a href=\"https:\/\/francomattiello.com\/index.php\/author\/geovanny-angeles\/\" rel=\"author\">geovanny.angeles<\/a><\/span><\/div><\/div><\/div>\n<div class=\" pt-cv-content-item pt-cv-1-col\" ><div class=\"pt-cv-thumb-wrapper  miniwrap\"><a href=\"https:\/\/francomattiello.com\/index.php\/2023\/10\/05\/marketing-por-internet-la-importancia-de-contratar-profesionales\/\" class=\"_self pt-cv-href-thumbnail pt-cv-thumb-default\" target=\"_self\" ><img loading=\"lazy\" width=\"768\" height=\"384\" src=\"https:\/\/francomattiello.com\/wp-content\/uploads\/2023\/10\/Banner-web-horizontal-Con-marca-Decoracion-de-interiores-delicado-colores-calidos-3-768x384.png\" class=\"pt-cv-thumbnail pt-cv-thumbnailsm\" alt=\"\" decoding=\"async\" \/><\/a><\/div>\n<div class=\"pt-cv-overlay-wrapper\"><div class=\"pt-cv-taxoterm above_title\"><a href='https:\/\/francomattiello.com\/index.php\/category\/blog\/' title='Blog' class='pt-cv-tax-blog'>Blog<\/a><\/div><h4 class=\"pt-cv-title pt-cv-titlesm\"><a href=\"https:\/\/francomattiello.com\/index.php\/2023\/10\/05\/marketing-por-internet-la-importancia-de-contratar-profesionales\/\" class=\"_self\" target=\"_self\" >Marketing por Internet: La Importancia de Contratar Profesionales<\/a><\/h4><div class=\"pt-cv-meta-fields\"><span class=\"entry-date\"> <time datetime=\"2023-10-05T02:30:35+00:00\">October 5, 2023<\/time><\/span><span> \/ <\/span><span class=\"author\"> <a href=\"https:\/\/francomattiello.com\/index.php\/author\/geovanny-angeles\/\" rel=\"author\">geovanny.angeles<\/a><\/span><\/div><\/div><\/div>\n<div class=\" pt-cv-content-item pt-cv-1-col\" ><div class=\"pt-cv-thumb-wrapper  miniwrap\"><a href=\"https:\/\/francomattiello.com\/index.php\/2023\/10\/05\/el-arte-en-la-era-de-las-redes-sociales-mas-relevante-que-nunca\/\" class=\"_self pt-cv-href-thumbnail pt-cv-thumb-default\" target=\"_self\" ><img loading=\"lazy\" width=\"768\" height=\"384\" src=\"https:\/\/francomattiello.com\/wp-content\/uploads\/2023\/10\/Banner-web-horizontal-Con-marca-Decoracion-de-interiores-delicado-colores-calidos-4-768x384.png\" class=\"pt-cv-thumbnail pt-cv-thumbnailsm\" alt=\"\" decoding=\"async\" \/><\/a><\/div>\n<div class=\"pt-cv-overlay-wrapper\"><div class=\"pt-cv-taxoterm above_title\"><a href='https:\/\/francomattiello.com\/index.php\/category\/blog\/' title='Blog' class='pt-cv-tax-blog'>Blog<\/a><\/div><h4 class=\"pt-cv-title pt-cv-titlesm\"><a href=\"https:\/\/francomattiello.com\/index.php\/2023\/10\/05\/el-arte-en-la-era-de-las-redes-sociales-mas-relevante-que-nunca\/\" class=\"_self\" target=\"_self\" >El Arte en la Era de las Redes Sociales: M\u00e1s Relevante que Nunca<\/a><\/h4><div class=\"pt-cv-meta-fields\"><span class=\"entry-date\"> <time datetime=\"2023-10-05T02:26:03+00:00\">October 5, 2023<\/time><\/span><span> \/ <\/span><span class=\"author\"> <a href=\"https:\/\/francomattiello.com\/index.php\/author\/geovanny-angeles\/\" rel=\"author\">geovanny.angeles<\/a><\/span><\/div><\/div><\/div>\n<div class=\" pt-cv-content-item pt-cv-1-col\" ><div class=\"pt-cv-thumb-wrapper  miniwrap\"><a href=\"https:\/\/francomattiello.com\/index.php\/2023\/09\/08\/hello-world\/\" class=\"_self pt-cv-href-thumbnail pt-cv-thumb-default\" target=\"_self\" ><img loading=\"lazy\" width=\"600\" height=\"700\" src=\"https:\/\/francomattiello.com\/wp-content\/uploads\/2023\/10\/u5.jpg\" class=\"pt-cv-thumbnail pt-cv-thumbnailsm\" alt=\"\" decoding=\"async\" \/><\/a><\/div>\n<div class=\"pt-cv-overlay-wrapper\"><div class=\"pt-cv-taxoterm above_title\"><a href='https:\/\/francomattiello.com\/index.php\/category\/blog\/' title='Blog' class='pt-cv-tax-blog'>Blog<\/a><\/div><h4 class=\"pt-cv-title pt-cv-titlesm\"><a href=\"https:\/\/francomattiello.com\/index.php\/2023\/09\/08\/hello-world\/\" class=\"_self\" target=\"_self\" >La Importancia del Dise\u00f1o en las Empresas: M\u00e1s All\u00e1 de lo Est\u00e9tico<\/a><\/h4><div class=\"pt-cv-meta-fields\"><span class=\"entry-date\"> <time datetime=\"2023-09-08T06:11:40+00:00\">September 8, 2023<\/time><\/span><span> \/ <\/span><span class=\"author\"> <a href=\"https:\/\/francomattiello.com\/index.php\/author\/geovanny-angeles\/\" rel=\"author\">geovanny.angeles<\/a><\/span><\/div><\/div><\/div><\/div><\/div> <\/div> <style>\n#pt-cv-view-sngwq2au .pt-cv-thumb-wrapper::before {background: rgba(0,0,0,.4); opacity: 0.8}#pt-cv-view-sngwq2au .pt-cv-overlay-wrapper {justify-content: center;}\n#pt-cv-view-sngwq2au { margin: 0px 0px 30px 0px; }#pt-cv-view-sngwq2au .pt-cv-meta-fields { margin: 10px 0px 0px 0px; }#pt-cv-view-sngwq2au .pt-cv-meta-fields * { font-size: 13px; }#pt-cv-view-sngwq2au .pt-cv-title a {  }#pt-cv-view-sngwq2au .pt-cv-title:not(.pt-cv-titlesm) a { display: block;font-weight: 600;text-decoration: none;font-size: 26px; }#pt-cv-view-sngwq2au .pt-cv-titlesm a { font-weight: 600;font-size: 20px; }#pt-cv-view-sngwq2au .pt-cv-content { font-size: 15px; }#pt-cv-view-sngwq2au .pt-cv-readmore { color: #fff;background-color: #0075ff;font-size: 14px; }#pt-cv-view-sngwq2au .pt-cv-taxoterm { margin: 0px 0px 20px 0px; }#pt-cv-view-sngwq2au .pt-cv-taxoterm * { color: #222;background-color: #fff6f6;font-size: 14px;padding: 1px 6px 1px 6px; }#pt-cv-view-sngwq2au + .pt-cv-pagination-wrapper {  }#pt-cv-view-sngwq2au + .pt-cv-pagination-wrapper a { font-size: 14px; }#pt-cv-view-sngwq2au > .pt-cv-page {grid-template-columns: repeat(4, 1fr);grid-auto-rows: 250px;grid-gap: 10px;}#pt-cv-view-sngwq2au:not(.layout1) { opacity: 0; height: calc(250px * 2); }\n@media all and (max-width: 1024px) { \n#pt-cv-view-sngwq2au > .pt-cv-page {grid-template-columns: repeat(4, 1fr);}#pt-cv-view-sngwq2au:not(.layout1) { opacity: 0; height: calc( * 2); }\n} \n\n@media all and (max-width: 767px) { \n#pt-cv-view-sngwq2au > .pt-cv-page {grid-template-columns: repeat(1, 1fr);}#pt-cv-view-sngwq2au:not(.layout1) { opacity: 0; height: calc( * 2); }\n} \n<\/style>\n\n\n<p><\/p>\n","protected":false},"excerpt":{"rendered":"","protected":false},"author":1,"featured_media":0,"parent":0,"menu_order":0,"comment_status":"closed","ping_status":"closed","template":"elementor_theme","meta":{"footnotes":""},"aioseo_notices":[],"_links":{"self":[{"href":"https:\/\/francomattiello.com\/index.php\/wp-json\/wp\/v2\/pages\/522"}],"collection":[{"href":"https:\/\/francomattiello.com\/index.php\/wp-json\/wp\/v2\/pages"}],"about":[{"href":"https:\/\/francomattiello.com\/index.php\/wp-json\/wp\/v2\/types\/page"}],"author":[{"embeddable":true,"href":"https:\/\/francomattiello.com\/index.php\/wp-json\/wp\/v2\/users\/1"}],"replies":[{"embeddable":true,"href":"https:\/\/francomattiello.com\/index.php\/wp-json\/wp\/v2\/comments?post=522"}],"version-history":[{"count":38,"href":"https:\/\/francomattiello.com\/index.php\/wp-json\/wp\/v2\/pages\/522\/revisions"}],"predecessor-version":[{"id":714,"href":"https:\/\/francomattiello.com\/index.php\/wp-json\/wp\/v2\/pages\/522\/revisions\/714"}],"wp:attachment":[{"href":"https:\/\/francomattiello.com\/index.php\/wp-json\/wp\/v2\/media?parent=522"}],"curies":[{"name":"wp","href":"https:\/\/api.w.org\/{rel}","templated":true}]}}